{"id":2417,"date":"2016-11-20T21:07:10","date_gmt":"2016-11-20T20:07:10","guid":{"rendered":"https:\/\/amphoraprocess.com\/avis-legal\/"},"modified":"2024-03-15T11:36:40","modified_gmt":"2024-03-15T10:36:40","slug":"avis-legal","status":"publish","type":"page","link":"https:\/\/amphoraprocess.com\/fr\/avis-legal\/","title":{"rendered":"AVIS L\u00c9GAL"},"content":{"rendered":"\n<p>Conform\u00e9ment \u00e0 l&rsquo;article 10 de la loi 34\/2002 du 11 juillet sur les services de la soci\u00e9t\u00e9 de l&rsquo;information et du commerce \u00e9lectronique (LSSICE), les donn\u00e9es d&rsquo;identification de l&rsquo;entreprise sont d\u00e9taill\u00e9es ci-dessous :<\/p>\n\n<p><ul>&#13;\n<li>Nom de l&rsquo;entreprise : AMPHORA PROCESS ENGINEERING<\/li>&#13;\n<li>Raison sociale : AMPHORA PROCESS ENGINEERING, S.L.<\/li>&#13;\n<li>Num\u00e9ro de TVA : B44758654<\/li>&#13;\n<li>Adresse : CORRETGER, 17 POL. IND. TACTICA 46988 PATERNA<\/li>&#13;\n<li>T\u00e9l\u00e9phone : +34 960 44 85 50<\/li>&#13;\n<li>Email : <a target=\"_new\" rel=\"noopener\">info@amphoraprocess.com<\/a><\/li>&#13;\n<\/ul><\/p>\n\n<p><p>But du Site Web<\/p>&#13;\n<p>La finalit\u00e9 du site web est de r\u00e9pondre \u00e0 vos demandes et de vous fournir nos services. Le pr\u00e9sent avis l\u00e9gal (ci-apr\u00e8s, l'\u00a0\u00bbAvis L\u00e9gal\u00a0\u00bb) r\u00e9glemente l&rsquo;utilisation du site web : <a href=\"https:\/\/amphoraprocess.com\/fr\/\" target=\"_new\" rel=\"noopener\">https:\/\/amphoraprocess.com<\/a><\/p><\/p>\n\n<p><p>L\u00e9gislation<\/p>&#13;\n<p>En g\u00e9n\u00e9ral, les relations entre B44758654 (AMPHORA PROCESS ENGINEERING) et les utilisateurs de ses services de t\u00e9l\u00e9matique, pr\u00e9sents sur ce site web, sont soumises \u00e0 la l\u00e9gislation et \u00e0 la juridiction espagnoles.<\/p><\/p>\n\n<p><p>Utilisation et Acc\u00e8s des Utilisateurs.<\/p>&#13;\n<p>The User is informed, and accepts, that accessing this website does not in any way imply the beginning of a commercial relationship with AMPHORA PROCESS ENGINEERING, S.L. (AMPHORA PROCESS ENGINEERING) or any of its branches.<\/p><\/p>\n\n<p><p>Propri\u00e9t\u00e9 Intellectuelle et Industrielle<\/p>&#13;\n<p>Les droits de propri\u00e9t\u00e9 intellectuelle sur le contenu des pages web, leur conception graphique et leurs codes appartiennent \u00e0 AMPHORA PROCESS ENGINEERING, S.L. (AMPHORA PROCESS ENGINEERING). Par cons\u00e9quent, toute reproduction, distribution, communication publique, transformation ou toute autre activit\u00e9 pouvant \u00eatre r\u00e9alis\u00e9e avec le contenu de ses pages web, m\u00eame en citant les sources, est interdite sans le consentement \u00e9crit d&rsquo;AMPHORA PROCESS ENGINEERING, S.L. (AMPHORA PROCESS ENGINEERING).<\/p><\/p>\n\n<p><p>Contenu du Site Web et Liens<\/p>&#13;\n<p>AMPHORA PROCESS ENGINEERING, S.L. (AMPHORA PROCESS ENGINEERING) se r\u00e9serve le droit de mettre \u00e0 jour, modifier ou supprimer les informations contenues sur ses pages web et peut m\u00eame limiter ou refuser l&rsquo;acc\u00e8s \u00e0 ces informations \u00e0 certains utilisateurs.<\/p><\/p>\n\n<p>AMPHORA PROCESS ENGINEERING, S.L. (AMPHORA PROCESS ENGINEERING) n&rsquo;assume aucune responsabilit\u00e9 pour les informations contenues sur des sites web tiers auxquels on peut acc\u00e9der par le biais de \u00ab\u00a0liens\u00a0\u00bb ou de liens \u00e0 partir de n&rsquo;importe quel site web appartenant \u00e0 AMPHORA PROCESS ENGINEERING, S.L. (AMPHORA PROCESS ENGINEERING). La pr\u00e9sence de \u00ab\u00a0liens\u00a0\u00bb ou de liens sur les pages web d&rsquo;AMPHORA PROCESS ENGINEERING, S.L. (AMPHORA PROCESS ENGINEERING) a uniquement un but informatif et en aucun cas ne suppose une suggestion, une invitation ou une recommandation \u00e0 leur \u00e9gard.<\/p>\n\n<div style=\"height:100px\" aria-hidden=\"true\" class=\"wp-block-spacer\"><\/div>\n","protected":false},"excerpt":{"rendered":"<p>Conform\u00e9ment \u00e0 l&rsquo;article 10 de la loi 34\/2002 du 11 juillet sur les services de la soci\u00e9t\u00e9 de l&rsquo;information et du commerce \u00e9lectronique (LSSICE), les donn\u00e9es d&rsquo;identification de l&rsquo;entreprise sont d\u00e9taill\u00e9es ci-dessous : &#13; Nom de l&rsquo;entreprise : AMPHORA PROCESS ENGINEERING &#13; Raison sociale : AMPHORA PROCESS ENGINEERING, S.L. &#13; Num\u00e9ro de TVA : B44758654 [&hellip;]<\/p>\n","protected":false},"author":1,"featured_media":0,"parent":0,"menu_order":0,"comment_status":"closed","ping_status":"closed","template":"","meta":{"_et_pb_use_builder":"","_et_pb_old_content":"","_et_gb_content_width":"","footnotes":""},"class_list":["post-2417","page","type-page","status-publish","hentry"],"_links":{"self":[{"href":"https:\/\/amphoraprocess.com\/fr\/wp-json\/wp\/v2\/pages\/2417","targetHints":{"allow":["GET"]}}],"collection":[{"href":"https:\/\/amphoraprocess.com\/fr\/wp-json\/wp\/v2\/pages"}],"about":[{"href":"https:\/\/amphoraprocess.com\/fr\/wp-json\/wp\/v2\/types\/page"}],"author":[{"embeddable":true,"href":"https:\/\/amphoraprocess.com\/fr\/wp-json\/wp\/v2\/users\/1"}],"replies":[{"embeddable":true,"href":"https:\/\/amphoraprocess.com\/fr\/wp-json\/wp\/v2\/comments?post=2417"}],"version-history":[{"count":1,"href":"https:\/\/amphoraprocess.com\/fr\/wp-json\/wp\/v2\/pages\/2417\/revisions"}],"predecessor-version":[{"id":2418,"href":"https:\/\/amphoraprocess.com\/fr\/wp-json\/wp\/v2\/pages\/2417\/revisions\/2418"}],"wp:attachment":[{"href":"https:\/\/amphoraprocess.com\/fr\/wp-json\/wp\/v2\/media?parent=2417"}],"curies":[{"name":"wp","href":"https:\/\/api.w.org\/{rel}","templated":true}]}}