{"id":2499,"date":"2016-11-20T21:08:28","date_gmt":"2016-11-20T20:08:28","guid":{"rendered":"https:\/\/amphoraprocess.com\/politique-de-confidencialite\/"},"modified":"2024-03-19T11:39:54","modified_gmt":"2024-03-19T10:39:54","slug":"politique-de-confidencialite","status":"publish","type":"page","link":"https:\/\/amphoraprocess.com\/fr\/politique-de-confidencialite\/","title":{"rendered":"POLITIQUE DE CONFIDENCIALIT\u00c9"},"content":{"rendered":"\n<p>Informations sur le responsable du traitement :<\/p>\n\n<p>AMPHORA PROCESS ENGINEERING, S.L.<\/p>\n\n<p>B44758654<\/p>\n\n<p>CORRETGER, 17 POL. IND. TACTICA 46988 PATERNA<\/p>\n\n<p>+34 960 44 85 50<\/p>\n\n<p>Conform\u00e9ment aux dispositions du R\u00e8glement G\u00e9n\u00e9ral sur la Protection des Donn\u00e9es, nous vous informons que vos donn\u00e9es seront incorpor\u00e9es dans notre syst\u00e8me de traitement dans le but de fournir les services demand\u00e9s ou contract\u00e9s, et de vous envoyer des informations commerciales sur nos produits ou services. Les donn\u00e9es fournies seront conserv\u00e9es tant que la relation commerciale sera maintenue ou pendant le temps n\u00e9cessaire pour remplir les obligations l\u00e9gales. Les donn\u00e9es ne seront pas transf\u00e9r\u00e9es \u00e0 des tiers sauf dans les cas o\u00f9 il existe une obligation l\u00e9gale, et nous les traiterons sur la base de votre consentement ou de l&rsquo;ex\u00e9cution d&rsquo;un contrat ou d&rsquo;une obligation l\u00e9gale.<\/p>\n\n<p>Les donn\u00e9es obtenues seront trait\u00e9es uniquement dans le but pour lequel elles sont obtenues, en respectant les principes de confidentialit\u00e9, de qualit\u00e9 et de proportionnalit\u00e9. Ces donn\u00e9es seront toujours pertinentes, ad\u00e9quates et non excessives.<\/p>\n\n<p>De m\u00eame, nous vous informons de la possibilit\u00e9 d&rsquo;exercer les droits suivants concernant vos donn\u00e9es personnelles : le droit d&rsquo;acc\u00e8s, de rectification, de suppression ou d&rsquo;oubli, de limitation, d&rsquo;opposition, de portabilit\u00e9 et de retirer le consentement donn\u00e9.<\/p>\n\n<p>Pour ce faire, vous pouvez envoyer un e-mail \u00e0 : info@amphoraprocess.com ou envoyer une demande \u00e9crite \u00e0 AMPHORA PROCESS ENGINEERING, S.L. \u00e0 CORRETGER, 17 POL. IND. TACTICA 46988 PATERNA.<\/p>\n\n<p>De plus, la personne concern\u00e9e peut s&rsquo;adresser \u00e0 l&rsquo;Autorit\u00e9 de contr\u00f4le comp\u00e9tente en mati\u00e8re de protection des donn\u00e9es pour obtenir des informations suppl\u00e9mentaires ou d\u00e9poser une r\u00e9clamation.<\/p>\n","protected":false},"excerpt":{"rendered":"<p>Informations sur le responsable du traitement : AMPHORA PROCESS ENGINEERING, S.L. B44758654 CORRETGER, 17 POL. IND. TACTICA 46988 PATERNA +34 960 44 85 50 Conform\u00e9ment aux dispositions du R\u00e8glement G\u00e9n\u00e9ral sur la Protection des Donn\u00e9es, nous vous informons que vos donn\u00e9es seront incorpor\u00e9es dans notre syst\u00e8me de traitement dans le but de fournir les services [&hellip;]<\/p>\n","protected":false},"author":1,"featured_media":0,"parent":0,"menu_order":0,"comment_status":"closed","ping_status":"closed","template":"","meta":{"_et_pb_use_builder":"off","_et_pb_old_content":"","_et_gb_content_width":"","footnotes":""},"class_list":["post-2499","page","type-page","status-publish","hentry"],"_links":{"self":[{"href":"https:\/\/amphoraprocess.com\/fr\/wp-json\/wp\/v2\/pages\/2499","targetHints":{"allow":["GET"]}}],"collection":[{"href":"https:\/\/amphoraprocess.com\/fr\/wp-json\/wp\/v2\/pages"}],"about":[{"href":"https:\/\/amphoraprocess.com\/fr\/wp-json\/wp\/v2\/types\/page"}],"author":[{"embeddable":true,"href":"https:\/\/amphoraprocess.com\/fr\/wp-json\/wp\/v2\/users\/1"}],"replies":[{"embeddable":true,"href":"https:\/\/amphoraprocess.com\/fr\/wp-json\/wp\/v2\/comments?post=2499"}],"version-history":[{"count":1,"href":"https:\/\/amphoraprocess.com\/fr\/wp-json\/wp\/v2\/pages\/2499\/revisions"}],"predecessor-version":[{"id":2500,"href":"https:\/\/amphoraprocess.com\/fr\/wp-json\/wp\/v2\/pages\/2499\/revisions\/2500"}],"wp:attachment":[{"href":"https:\/\/amphoraprocess.com\/fr\/wp-json\/wp\/v2\/media?parent=2499"}],"curies":[{"name":"wp","href":"https:\/\/api.w.org\/{rel}","templated":true}]}}