{"id":2505,"date":"2023-06-30T16:47:42","date_gmt":"2023-06-30T14:47:42","guid":{"rendered":"https:\/\/amphoraprocess.com\/politique-de-cookies\/"},"modified":"2024-07-24T18:42:10","modified_gmt":"2024-07-24T16:42:10","slug":"politique-de-cookies","status":"publish","type":"page","link":"https:\/\/amphoraprocess.com\/fr\/politique-de-cookies\/","title":{"rendered":"POLITIQUE DE COOKIES"},"content":{"rendered":"\n<p>AMPHORA PROCESS ENGINEERING, par le biais du pr\u00e9sent document, \u00e9tablit sa Politique de collecte et de traitement des cookies, conform\u00e9ment aux dispositions de l&rsquo;article 22.2 de la Loi 34\/2002, du 11 juillet, sur les services de la soci\u00e9t\u00e9 de l&rsquo;information et du commerce \u00e9lectronique (LSSICE).<\/p>\n\n<p>Les cookies sont stock\u00e9s sur l&rsquo;\u00e9quipement terminal de l&rsquo;utilisateur (ordinateur ou appareil mobile) et collectent des informations lors de la visite du site Web https:\/\/amphoraprocess.com, dans le but d&rsquo;am\u00e9liorer leur convivialit\u00e9, de comprendre les habitudes de navigation ou les besoins des utilisateurs afin de s&rsquo;adapter \u00e0 eux, ainsi que d&rsquo;obtenir des informations \u00e0 des fins statistiques. Dans le cas des utilisateurs qui sont d\u00e9j\u00e0 clients d&rsquo;AMPHORA PROCESS ENGINEERING, les informations collect\u00e9es avec les cookies serviront \u00e9galement \u00e0 leur identification lors de l&rsquo;acc\u00e8s aux diff\u00e9rents outils mis \u00e0 disposition par AMPHORA PROCESS ENGINEERING pour la gestion des services.<\/p>\n\n<p>Cette politique en mati\u00e8re de cookies s&rsquo;appliquera aux utilisateurs qui visitent volontairement les pages Web d&rsquo;AMPHORA PROCESS ENGINEERING, remplissent des formulaires de collecte de donn\u00e9es, acc\u00e8dent aux outils mis \u00e0 disposition par AMPHORA PROCESS ENGINEERING pour ses clients afin de g\u00e9rer leurs services, ou utilisent tout autre service pr\u00e9sent sur le site Web impliquant la communication de donn\u00e9es \u00e0 AMPHORA PROCESS ENGINEERING, ou l&rsquo;acc\u00e8s \u00e0 des donn\u00e9es par AMPHORA PROCESS ENGINEERING, pour la fourniture de ses services.<\/p>\n\n<p>AMPHORA PROCESS ENGINEERING informe les utilisateurs de ses sites Web de l&rsquo;existence de cookies et leur fournit cette politique afin de les informer sur leur utilisation et leur objectif. La poursuite de la navigation sur ses pages implique la connaissance et l&rsquo;acceptation de cette politique par lesdits utilisateurs.<\/p>\n\n<p>AMPHORA PROCESS ENGINEERING utilise les types de cookies suivants :<\/p>\n\n<p>Class\u00e9es par propri\u00e9t\u00e9 :<\/p>\n\n<p>Cookies propres : envoy\u00e9s et g\u00e9r\u00e9s directement par AMPHORA PROCESS ENGINEERING&#13;\nCookies tiers : envoy\u00e9s et g\u00e9r\u00e9s par un tiers non affili\u00e9 \u00e0 AMPHORA PROCESS ENGINEERING, de mani\u00e8re anonyme, dans le but de r\u00e9aliser des \u00e9tudes statistiques de navigation sur les pages Web d&rsquo;AMPHORA PROCESS ENGINEERING.<\/p>\n\n<p>Class\u00e9es par objectif :<\/p>\n\n<p>Cookies techniques et\/ou de personnalisation : elles facilitent la navigation en identifiant la session, permettant l&rsquo;acc\u00e8s aux outils \u00e0 acc\u00e8s restreint, ainsi que la personnalisation des options disponibles. Elles permettent la fourniture du service demand\u00e9 pr\u00e9c\u00e9demment par l&rsquo;utilisateur.<\/p>\n\n<p>Cookies d&rsquo;analyse et\/ou de publicit\u00e9 : elles permettent de conna\u00eetre le nombre de visites re\u00e7ues dans les diff\u00e9rentes sections des pages Web, les habitudes et tendances de leurs utilisateurs et, par cons\u00e9quent, d&rsquo;am\u00e9liorer la navigation et le service offert par AMPHORA PROCESS ENGINEERING (principalement, Google Analytics), ainsi que de g\u00e9rer les espaces publicitaires inclus sur la page Web visit\u00e9e par l&rsquo;utilisateur. Il collecte des donn\u00e9es de mani\u00e8re anonyme dans le but d&rsquo;obtenir des profils de navigation des utilisateurs.<\/p>\n\n<p>Class\u00e9es par leur dur\u00e9e :<\/p>\n\n<p>Cookies de session : elles collectent et stockent des donn\u00e9es pendant que l&rsquo;utilisateur acc\u00e8de au site Web.&#13;\n&#13;\nCookies persistantes : elles collectent et stockent des donn\u00e9es sur l&rsquo;appareil de l&rsquo;utilisateur pendant une p\u00e9riode variable en fonction de l&rsquo;objectif pour lequel elles ont \u00e9t\u00e9 utilis\u00e9es.&#13;\n&#13;\nLe temps de conservation des cookies d\u00e9pendra du type concern\u00e9 et sera toujours le minimum n\u00e9cessaire pour remplir leur objectif.<\/p>\n\n<p>En tout \u00e9tat de cause, les utilisateurs peuvent configurer leur navigateur pour d\u00e9sactiver ou bloquer la r\u00e9ception de toutes ou de certaines des cookies. Ne pas souhaiter recevoir ces cookies ne constitue pas un obstacle \u00e0 l&rsquo;acc\u00e8s aux informations sur les sites Web d&rsquo;AMPHORA PROCESS ENGINEERING, bien que l&rsquo;utilisation de certains services puisse \u00eatre limit\u00e9e. Si, une fois le consentement donn\u00e9 pour la r\u00e9ception des cookies, il est souhait\u00e9 de retirer ce consentement, ceux stock\u00e9s sur l&rsquo;appareil de l&rsquo;utilisateur doivent \u00eatre supprim\u00e9s via les options des diff\u00e9rents navigateurs.<\/p>\n\n<p>La mani\u00e8re de configurer diff\u00e9rents navigateurs pour effectuer les actions mentionn\u00e9es dans les paragraphes pr\u00e9c\u00e9dents peut \u00eatre consult\u00e9e \u00e0 l&rsquo;adresse suivante :<\/p>\n\n<p>Explorer: http:\/\/windows.microsoft.com\/es-es\/windows7\/how-to-manage-cookies -in-internet-explorer-9<br\/>Chrome: https:\/\/support.google.com\/chrome\/answer\/95647?hl=es<br\/>Firefox: http:\/\/support.mozilla.org\/es\/kb\/cookies-informacion-que-los-siti os-web-guardan-en-?redirectlocale=en-US&amp;redirectslug=Cookies<\/p>\n\n<div style=\"height:100px\" aria-hidden=\"true\" class=\"wp-block-spacer\"><\/div>\n","protected":false},"excerpt":{"rendered":"<p>AMPHORA PROCESS ENGINEERING, par le biais du pr\u00e9sent document, \u00e9tablit sa Politique de collecte et de traitement des cookies, conform\u00e9ment aux dispositions de l&rsquo;article 22.2 de la Loi 34\/2002, du 11 juillet, sur les services de la soci\u00e9t\u00e9 de l&rsquo;information et du commerce \u00e9lectronique (LSSICE). Les cookies sont stock\u00e9s sur l&rsquo;\u00e9quipement terminal de l&rsquo;utilisateur (ordinateur [&hellip;]<\/p>\n","protected":false},"author":1,"featured_media":0,"parent":0,"menu_order":0,"comment_status":"closed","ping_status":"closed","template":"","meta":{"_et_pb_use_builder":"off","_et_pb_old_content":"","_et_gb_content_width":"","footnotes":""},"class_list":["post-2505","page","type-page","status-publish","hentry"],"_links":{"self":[{"href":"https:\/\/amphoraprocess.com\/fr\/wp-json\/wp\/v2\/pages\/2505","targetHints":{"allow":["GET"]}}],"collection":[{"href":"https:\/\/amphoraprocess.com\/fr\/wp-json\/wp\/v2\/pages"}],"about":[{"href":"https:\/\/amphoraprocess.com\/fr\/wp-json\/wp\/v2\/types\/page"}],"author":[{"embeddable":true,"href":"https:\/\/amphoraprocess.com\/fr\/wp-json\/wp\/v2\/users\/1"}],"replies":[{"embeddable":true,"href":"https:\/\/amphoraprocess.com\/fr\/wp-json\/wp\/v2\/comments?post=2505"}],"version-history":[{"count":1,"href":"https:\/\/amphoraprocess.com\/fr\/wp-json\/wp\/v2\/pages\/2505\/revisions"}],"predecessor-version":[{"id":2506,"href":"https:\/\/amphoraprocess.com\/fr\/wp-json\/wp\/v2\/pages\/2505\/revisions\/2506"}],"wp:attachment":[{"href":"https:\/\/amphoraprocess.com\/fr\/wp-json\/wp\/v2\/media?parent=2505"}],"curies":[{"name":"wp","href":"https:\/\/api.w.org\/{rel}","templated":true}]}}